{"id":2651,"date":"2023-03-03T09:59:23","date_gmt":"2023-03-03T12:59:23","guid":{"rendered":"https:\/\/www.kraftcapacetes.com.br\/loja\/?post_type=product&#038;p=2651"},"modified":"2024-09-04T17:24:19","modified_gmt":"2024-09-04T20:24:19","slug":"capacete-kraft-old-school-speed","status":"publish","type":"product","link":"https:\/\/www.kraftcapacetes.com.br\/loja\/produto\/capacete-kraft-old-school-speed","title":{"rendered":"Capacete Kraft Old School Speed Branco"},"content":{"rendered":"<p>-Forro em tecido Veludo Suede Matelass\u00ea.<br \/>\n&#8211; Engate micro-m\u00e9trico de f\u00e1cil utiliza\u00e7\u00e3o, acabamento personalizado.<br \/>\n&#8211; Passador de \u00f3culos traseiro em couro natural com escudo em metal niquelado.<br \/>\n&#8211; Viseira Flip Universal 3 posi\u00e7\u00f5es, lente injetada em policarbonato com 2 mm de espessura,<br \/>\n&#8211; Mant\u00e9m os 3 bot\u00f5es tradicionais para uso de acess\u00f3rios como pala ou viseira bolha.<br \/>\n&#8211; Acompanha manual e broche comemorativo de brinde<br \/>\n&#8211; certificado pelo INMETRO NBR 7471<\/p>\n<p>TAMANHO:<\/p>\n<p>56 VESTE 56 cm<br \/>\n58 VESTE 57\/58 cm<br \/>\n60 VESTE 59\/60 cm<\/p>\n","protected":false},"excerpt":{"rendered":"<p>Kraft Old School modelo que para aqueles que n\u00e3o abrem m\u00e3o de conforto e estilo,sinta a liberdade em pilotar com capacete seguro.o Menor tamanho do mercado dentro das normas de seguran\u00e7a<\/p>\n","protected":false},"featured_media":2655,"comment_status":"open","ping_status":"closed","template":"","meta":{"_acf_changed":false},"product_brand":[],"product_cat":[29],"product_tag":[],"class_list":{"0":"post-2651","1":"product","2":"type-product","3":"status-publish","4":"has-post-thumbnail","6":"product_cat-sport-lazer","8":"first","9":"instock","10":"shipping-taxable","11":"product-type-variable"},"acf":[],"post_mailing_queue_ids":[],"_links":{"self":[{"href":"https:\/\/www.kraftcapacetes.com.br\/loja\/wp-json\/wp\/v2\/product\/2651","targetHints":{"allow":["GET"]}}],"collection":[{"href":"https:\/\/www.kraftcapacetes.com.br\/loja\/wp-json\/wp\/v2\/product"}],"about":[{"href":"https:\/\/www.kraftcapacetes.com.br\/loja\/wp-json\/wp\/v2\/types\/product"}],"replies":[{"embeddable":true,"href":"https:\/\/www.kraftcapacetes.com.br\/loja\/wp-json\/wp\/v2\/comments?post=2651"}],"wp:featuredmedia":[{"embeddable":true,"href":"https:\/\/www.kraftcapacetes.com.br\/loja\/wp-json\/wp\/v2\/media\/2655"}],"wp:attachment":[{"href":"https:\/\/www.kraftcapacetes.com.br\/loja\/wp-json\/wp\/v2\/media?parent=2651"}],"wp:term":[{"taxonomy":"product_brand","embeddable":true,"href":"https:\/\/www.kraftcapacetes.com.br\/loja\/wp-json\/wp\/v2\/product_brand?post=2651"},{"taxonomy":"product_cat","embeddable":true,"href":"https:\/\/www.kraftcapacetes.com.br\/loja\/wp-json\/wp\/v2\/product_cat?post=2651"},{"taxonomy":"product_tag","embeddable":true,"href":"https:\/\/www.kraftcapacetes.com.br\/loja\/wp-json\/wp\/v2\/product_tag?post=2651"}],"curies":[{"name":"wp","href":"https:\/\/api.w.org\/{rel}","templated":true}]}}