{"id":2933,"date":"2023-03-07T13:24:24","date_gmt":"2023-03-07T16:24:24","guid":{"rendered":"https:\/\/www.kraftcapacetes.com.br\/loja\/?post_type=product&#038;p=2933"},"modified":"2024-09-04T17:24:30","modified_gmt":"2024-09-04T20:24:30","slug":"capacete-kraft-bike-unicornio-branco","status":"publish","type":"product","link":"https:\/\/www.kraftcapacetes.com.br\/loja\/produto\/capacete-kraft-bike-unicornio-branco","title":{"rendered":"Capacete Kraft Bike Unic\u00f3rnio Branco"},"content":{"rendered":"<p>Para praticantes de Skate, Bike, Patins e outros Esportes de Aventura, o Capacete Kraft Bike\/Skate oferece prote\u00e7\u00e3o extra contra poss\u00edveis les\u00f5es causadas por quedas e pancadas. Constru\u00eddo em materiais leves, resistentes e com op\u00e7\u00e3o de tr\u00eas tamanhos diferentes, ele se ajusta perfeitamente durante o uso, garantindo Conforto, Estilo e Seguran\u00e7a durante a pr\u00e1tica esportiva.<\/p>\n<p>Capacete Kraft Bike\/Skate, Seguran\u00e7a com Estilo;<\/p>\n<p>&nbsp;<\/p>\n<p>-Casco injetado em ABS;<\/p>\n<p>-Ber\u00e7o de isopor;<\/p>\n<p>-Forra\u00e7\u00e3o de conforto remov\u00edvel;<\/p>\n<p>TAMANHOS:<\/p>\n<p>PP 52-54 cm<br \/>\nP 55-56 cm<br \/>\nM 57-58 cm<br \/>\nG 59-60 cm<\/p>\n<p>-Fecho ajust\u00e1vel.<\/p>\n","protected":false},"excerpt":{"rendered":"<p>Kraft Bike modelo possui designs pr\u00f3prios e inovadores da marca, protege voc\u00ea de poss\u00edveis les\u00f5es e impactos.Segue a norma NBR 16175 para usuarios de bike, skate e afins.<br \/>\nEstilo,seguran\u00e7a e conforto em um \u00fanico produto!<\/p>\n","protected":false},"featured_media":2938,"comment_status":"open","ping_status":"closed","template":"","meta":{"_acf_changed":false},"product_brand":[],"product_cat":[91],"product_tag":[],"class_list":{"0":"post-2933","1":"product","2":"type-product","3":"status-publish","4":"has-post-thumbnail","6":"product_cat-kraft-bike","8":"first","9":"instock","10":"shipping-taxable","11":"product-type-variable"},"acf":[],"post_mailing_queue_ids":[],"_links":{"self":[{"href":"https:\/\/www.kraftcapacetes.com.br\/loja\/wp-json\/wp\/v2\/product\/2933","targetHints":{"allow":["GET"]}}],"collection":[{"href":"https:\/\/www.kraftcapacetes.com.br\/loja\/wp-json\/wp\/v2\/product"}],"about":[{"href":"https:\/\/www.kraftcapacetes.com.br\/loja\/wp-json\/wp\/v2\/types\/product"}],"replies":[{"embeddable":true,"href":"https:\/\/www.kraftcapacetes.com.br\/loja\/wp-json\/wp\/v2\/comments?post=2933"}],"wp:featuredmedia":[{"embeddable":true,"href":"https:\/\/www.kraftcapacetes.com.br\/loja\/wp-json\/wp\/v2\/media\/2938"}],"wp:attachment":[{"href":"https:\/\/www.kraftcapacetes.com.br\/loja\/wp-json\/wp\/v2\/media?parent=2933"}],"wp:term":[{"taxonomy":"product_brand","embeddable":true,"href":"https:\/\/www.kraftcapacetes.com.br\/loja\/wp-json\/wp\/v2\/product_brand?post=2933"},{"taxonomy":"product_cat","embeddable":true,"href":"https:\/\/www.kraftcapacetes.com.br\/loja\/wp-json\/wp\/v2\/product_cat?post=2933"},{"taxonomy":"product_tag","embeddable":true,"href":"https:\/\/www.kraftcapacetes.com.br\/loja\/wp-json\/wp\/v2\/product_tag?post=2933"}],"curies":[{"name":"wp","href":"https:\/\/api.w.org\/{rel}","templated":true}]}}