{"id":3086,"date":"2023-04-14T09:59:15","date_gmt":"2023-04-14T12:59:15","guid":{"rendered":"https:\/\/www.kraftcapacetes.com.br\/loja\/?post_type=product&#038;p=3086"},"modified":"2024-09-04T17:24:33","modified_gmt":"2024-09-04T20:24:33","slug":"viseira-kraft-plus-cristal","status":"publish","type":"product","link":"https:\/\/www.kraftcapacetes.com.br\/loja\/produto\/viseira-kraft-plus-cristal","title":{"rendered":"Viseira Kraft Plus Cristal"},"content":{"rendered":"<p class=\"ui-pdp-description__content\">VISEIRA CRISTAL PARA CAPACETES ABERTOS KRAFT LINHA PLUS<\/p>\n<p>&#8211; Para capacetes abertos Kraft: Ex: Couro Preto, ROUTE 66(*), Semi revestidos, On\u00e7a, etc..<\/p>\n<p>-PRODUTO 100% ORIGINAL KRAFT<\/p>\n<p>-Viseira em Policarbonato;<\/p>\n<p>-Tamanho \u00fanico (atende qualquer tamanho de capacetes Kraft da linha Plus);<\/p>\n<p>-Prote\u00e7\u00e3o anti-risco.<\/p>\n<p>-Cor Cristal.<\/p>\n<p>Especifica\u00e7\u00f5es T\u00e9cnicas:<\/p>\n<p>-Produto: Viseira Cristal para Capacetes Kraft linha Pus.<\/p>\n<p>-Material: Policarbonato.<\/p>\n<p>-Tamanho: \u00danico.<\/p>\n<p>-Cor: Cristal.<\/p>\n<p>-Garantia do Fabricante: 3 meses contra defeitos de fabrica\u00e7\u00e3o.<\/p>\n<p>NOTA: Este an\u00fancio vende somente a viseira, os parafusos n\u00e3o est\u00e3o inclusos<\/p>\n","protected":false},"excerpt":{"rendered":"<p>VISEIRA CRISTAL PARA CAPACETES ABERTOS KRAFT LINHA PLUS &#8211; Para capacetes abertos Kraft: Ex: Couro Preto, ROUTE 66(*), Semi revestidos, On\u00e7a, etc.. -PRODUTO 100% ORIGINAL KRAFT -Viseira em Policarbonato; -Tamanho \u00fanico (atende qualquer tamanho de capacetes Kraft da linha Plus); -Prote\u00e7\u00e3o anti-risco. -Cor Cristal. Especifica\u00e7\u00f5es T\u00e9cnicas: -Produto: Viseira Cristal para Capacetes Kraft linha Pus. -Material: [&hellip;]<\/p>\n","protected":false},"featured_media":3087,"comment_status":"open","ping_status":"closed","template":"","meta":{"_acf_changed":false},"product_brand":[],"product_cat":[99],"product_tag":[],"class_list":{"0":"post-3086","1":"product","2":"type-product","3":"status-publish","4":"has-post-thumbnail","6":"product_cat-acessorios","8":"first","9":"instock","10":"shipping-taxable","11":"product-type-simple"},"acf":[],"post_mailing_queue_ids":[],"_links":{"self":[{"href":"https:\/\/www.kraftcapacetes.com.br\/loja\/wp-json\/wp\/v2\/product\/3086","targetHints":{"allow":["GET"]}}],"collection":[{"href":"https:\/\/www.kraftcapacetes.com.br\/loja\/wp-json\/wp\/v2\/product"}],"about":[{"href":"https:\/\/www.kraftcapacetes.com.br\/loja\/wp-json\/wp\/v2\/types\/product"}],"replies":[{"embeddable":true,"href":"https:\/\/www.kraftcapacetes.com.br\/loja\/wp-json\/wp\/v2\/comments?post=3086"}],"wp:featuredmedia":[{"embeddable":true,"href":"https:\/\/www.kraftcapacetes.com.br\/loja\/wp-json\/wp\/v2\/media\/3087"}],"wp:attachment":[{"href":"https:\/\/www.kraftcapacetes.com.br\/loja\/wp-json\/wp\/v2\/media?parent=3086"}],"wp:term":[{"taxonomy":"product_brand","embeddable":true,"href":"https:\/\/www.kraftcapacetes.com.br\/loja\/wp-json\/wp\/v2\/product_brand?post=3086"},{"taxonomy":"product_cat","embeddable":true,"href":"https:\/\/www.kraftcapacetes.com.br\/loja\/wp-json\/wp\/v2\/product_cat?post=3086"},{"taxonomy":"product_tag","embeddable":true,"href":"https:\/\/www.kraftcapacetes.com.br\/loja\/wp-json\/wp\/v2\/product_tag?post=3086"}],"curies":[{"name":"wp","href":"https:\/\/api.w.org\/{rel}","templated":true}]}}