{"id":3088,"date":"2023-04-14T10:06:11","date_gmt":"2023-04-14T13:06:11","guid":{"rendered":"https:\/\/www.kraftcapacetes.com.br\/loja\/?post_type=product&#038;p=3088"},"modified":"2025-08-22T10:51:05","modified_gmt":"2025-08-22T13:51:05","slug":"viseira-kraft-plus-silver","status":"publish","type":"product","link":"https:\/\/www.kraftcapacetes.com.br\/loja\/produto\/viseira-kraft-plus-silver","title":{"rendered":"Viseira Kraft Plus Fume"},"content":{"rendered":"<h2 class=\"ui-pdp-description__title\">Descri\u00e7\u00e3o<\/h2>\n<p class=\"ui-pdp-description__content\">VISEIRA CRISTAL PARA CAPACETES ABERTOS KRAFT LINHA PLUS<\/p>\n<p>-PRODUTO 100% ORIGINAL KRAFT<\/p>\n<p>-Viseira em Policarbonato;<\/p>\n<p>-Tamanho \u00fanico (atende qualquer tamanho de capacetes Kraft da linha Plus);<\/p>\n<p>-Prote\u00e7\u00e3o anti-risco.<\/p>\n<p>-Especifica\u00e7\u00f5es T\u00e9cnicas:<\/p>\n<p>-Produto: Viseira Cristal para Capacetes Kraft linha Pus.<\/p>\n<p>-Material: Policarbonato.<\/p>\n<p>-Tamanho: \u00danico.<\/p>\n<p>-Garantia do Fabricante: 3 meses contra defeitos de fabrica\u00e7\u00e3o.<\/p>\n<p>NOTA: Este an\u00fancio vende somente a viseira, os parafusos n\u00e3o est\u00e3o inclusos<\/p>\n","protected":false},"excerpt":{"rendered":"<p>Descri\u00e7\u00e3o VISEIRA CRISTAL PARA CAPACETES ABERTOS KRAFT LINHA PLUS -PRODUTO 100% ORIGINAL KRAFT -Viseira em Policarbonato; -Tamanho \u00fanico (atende qualquer tamanho de capacetes Kraft da linha Plus); -Prote\u00e7\u00e3o anti-risco. -Especifica\u00e7\u00f5es T\u00e9cnicas: -Produto: Viseira Cristal para Capacetes Kraft linha Pus. -Material: Policarbonato. -Tamanho: \u00danico. -Garantia do Fabricante: 3 meses contra defeitos de fabrica\u00e7\u00e3o. NOTA: Este an\u00fancio [&hellip;]<\/p>\n","protected":false},"featured_media":3089,"comment_status":"open","ping_status":"closed","template":"","meta":{"_acf_changed":false},"product_brand":[],"product_cat":[99],"product_tag":[],"class_list":{"0":"post-3088","1":"product","2":"type-product","3":"status-publish","4":"has-post-thumbnail","6":"product_cat-acessorios","8":"first","9":"instock","10":"shipping-taxable","11":"product-type-simple"},"acf":[],"post_mailing_queue_ids":[],"_links":{"self":[{"href":"https:\/\/www.kraftcapacetes.com.br\/loja\/wp-json\/wp\/v2\/product\/3088","targetHints":{"allow":["GET"]}}],"collection":[{"href":"https:\/\/www.kraftcapacetes.com.br\/loja\/wp-json\/wp\/v2\/product"}],"about":[{"href":"https:\/\/www.kraftcapacetes.com.br\/loja\/wp-json\/wp\/v2\/types\/product"}],"replies":[{"embeddable":true,"href":"https:\/\/www.kraftcapacetes.com.br\/loja\/wp-json\/wp\/v2\/comments?post=3088"}],"wp:featuredmedia":[{"embeddable":true,"href":"https:\/\/www.kraftcapacetes.com.br\/loja\/wp-json\/wp\/v2\/media\/3089"}],"wp:attachment":[{"href":"https:\/\/www.kraftcapacetes.com.br\/loja\/wp-json\/wp\/v2\/media?parent=3088"}],"wp:term":[{"taxonomy":"product_brand","embeddable":true,"href":"https:\/\/www.kraftcapacetes.com.br\/loja\/wp-json\/wp\/v2\/product_brand?post=3088"},{"taxonomy":"product_cat","embeddable":true,"href":"https:\/\/www.kraftcapacetes.com.br\/loja\/wp-json\/wp\/v2\/product_cat?post=3088"},{"taxonomy":"product_tag","embeddable":true,"href":"https:\/\/www.kraftcapacetes.com.br\/loja\/wp-json\/wp\/v2\/product_tag?post=3088"}],"curies":[{"name":"wp","href":"https:\/\/api.w.org\/{rel}","templated":true}]}}