{"id":3114,"date":"2023-04-19T10:34:53","date_gmt":"2023-04-19T13:34:53","guid":{"rendered":"https:\/\/www.kraftcapacetes.com.br\/loja\/?post_type=product&#038;p=3114"},"modified":"2025-10-14T18:31:37","modified_gmt":"2025-10-14T21:31:37","slug":"capacete-kraft-plus-new-black-fosco","status":"publish","type":"product","link":"https:\/\/www.kraftcapacetes.com.br\/loja\/produto\/capacete-kraft-plus-new-black-fosco","title":{"rendered":"Capacete Kraft Plus New Black Fosco"},"content":{"rendered":"<h2 class=\"ui-pdp-description__title\">Descri\u00e7\u00e3o<\/h2>\n<p class=\"ui-pdp-description__content\">Com o Capacete Kraft voc\u00ea ir\u00e1 pilotar com seguran\u00e7a e estilo!<br \/>\nEles possuem designs pr\u00f3prios e inovadores, que protegem voc\u00ea de poss\u00edveis les\u00f5es e impactos.<br \/>\nEstilo, seguran\u00e7a e conforto em um \u00fanico produto!<\/p>\n<p>Diferenciais:<br \/>\n&#8211; Saia Remov\u00edvel<br \/>\n&#8211; Interior em Espuma<br \/>\n&#8211; Viseira de 2mm injetada em Policarbonato com tratamento Anti-risco<br \/>\n&#8211; Tecido Conforto Antial\u00e9rgico<br \/>\n&#8211; Engate R\u00e1pido<br \/>\n&#8211; Casco em ABS Injetado<\/p>\n<p>Certificado pelo INMETRO<\/p>\n<p>TAMANHOS:<\/p>\n<p>56 &#8211; VESTE 55\/56<br \/>\n57 &#8211; VESTE 57\/58<br \/>\n58 &#8211; VESTE 59\/60<\/p>\n","protected":false},"excerpt":{"rendered":"<p>Descri\u00e7\u00e3o Com o Capacete Kraft voc\u00ea ir\u00e1 pilotar com seguran\u00e7a e estilo! Eles possuem designs pr\u00f3prios e inovadores, que protegem voc\u00ea de poss\u00edveis les\u00f5es e impactos. Estilo, seguran\u00e7a e conforto em um \u00fanico produto! Diferenciais: &#8211; Saia Remov\u00edvel &#8211; Interior em Espuma &#8211; Viseira de 2mm injetada em Policarbonato com tratamento Anti-risco &#8211; Tecido Conforto [&hellip;]<\/p>\n","protected":false},"featured_media":3118,"comment_status":"open","ping_status":"closed","template":"","meta":{"_acf_changed":false},"product_brand":[],"product_cat":[87,100],"product_tag":[],"class_list":{"0":"post-3114","1":"product","2":"type-product","3":"status-publish","4":"has-post-thumbnail","6":"product_cat-kraft-plus","7":"product_cat-lancamentos","9":"first","10":"instock","11":"shipping-taxable","12":"product-type-variable"},"acf":[],"post_mailing_queue_ids":[],"_links":{"self":[{"href":"https:\/\/www.kraftcapacetes.com.br\/loja\/wp-json\/wp\/v2\/product\/3114","targetHints":{"allow":["GET"]}}],"collection":[{"href":"https:\/\/www.kraftcapacetes.com.br\/loja\/wp-json\/wp\/v2\/product"}],"about":[{"href":"https:\/\/www.kraftcapacetes.com.br\/loja\/wp-json\/wp\/v2\/types\/product"}],"replies":[{"embeddable":true,"href":"https:\/\/www.kraftcapacetes.com.br\/loja\/wp-json\/wp\/v2\/comments?post=3114"}],"wp:featuredmedia":[{"embeddable":true,"href":"https:\/\/www.kraftcapacetes.com.br\/loja\/wp-json\/wp\/v2\/media\/3118"}],"wp:attachment":[{"href":"https:\/\/www.kraftcapacetes.com.br\/loja\/wp-json\/wp\/v2\/media?parent=3114"}],"wp:term":[{"taxonomy":"product_brand","embeddable":true,"href":"https:\/\/www.kraftcapacetes.com.br\/loja\/wp-json\/wp\/v2\/product_brand?post=3114"},{"taxonomy":"product_cat","embeddable":true,"href":"https:\/\/www.kraftcapacetes.com.br\/loja\/wp-json\/wp\/v2\/product_cat?post=3114"},{"taxonomy":"product_tag","embeddable":true,"href":"https:\/\/www.kraftcapacetes.com.br\/loja\/wp-json\/wp\/v2\/product_tag?post=3114"}],"curies":[{"name":"wp","href":"https:\/\/api.w.org\/{rel}","templated":true}]}}