{"id":3137,"date":"2023-05-03T10:03:21","date_gmt":"2023-05-03T13:03:21","guid":{"rendered":"https:\/\/www.kraftcapacetes.com.br\/loja\/?post_type=product&#038;p=3137"},"modified":"2024-09-04T17:24:36","modified_gmt":"2024-09-04T20:24:36","slug":"capacete-kraft-old-school-race-preto-vermelho","status":"publish","type":"product","link":"https:\/\/www.kraftcapacetes.com.br\/loja\/produto\/capacete-kraft-old-school-race-preto-vermelho","title":{"rendered":"Capacete Kraft Old School Race Preto Vermelho"},"content":{"rendered":"<p><strong>Capacete Kraft Old School<\/strong><\/p>\n<p><strong>CARACTER\u00cdSTICAS:<\/strong><\/p>\n<p>-Forro em tecido Veludo Suede Matelass\u00ea.<br \/>\n\u2013 Engate micro-m\u00e9trico de f\u00e1cil utiliza\u00e7\u00e3o, acabamento personalizado.<br \/>\n\u2013 Passador de \u00f3culos traseiro em couro natural\u00a0com escudo em metal niquelado.<\/p>\n<p>\u2013 Viseira Flip Universal 3 posi\u00e7\u00f5es, lente injetada em policarbonato com 2 mm de espessura,<\/p>\n<p>\u2013 Mant\u00e9m os 3 bot\u00f5es tradicionais para uso de acess\u00f3rios como pala ou viseira bolha.<br \/>\n\u2013 Acompanha manual e\u00a0broche comemorativo de brinde<br \/>\n\u2013 certificado pelo INMETRO NBR 7471<\/p>\n<p>TAMANHO:<\/p>\n<p>56 VESTE 56 cm<br \/>\n58 VESTE 57\/58 cm<br \/>\n60 VESTE 59\/60 cm<\/p>\n","protected":false},"excerpt":{"rendered":"<p>Capacete Kraft Old School CARACTER\u00cdSTICAS: -Forro em tecido Veludo Suede Matelass\u00ea. \u2013 Engate micro-m\u00e9trico de f\u00e1cil utiliza\u00e7\u00e3o, acabamento personalizado. \u2013 Passador de \u00f3culos traseiro em couro natural\u00a0com escudo em metal niquelado. \u2013 Viseira Flip Universal 3 posi\u00e7\u00f5es, lente injetada em policarbonato com 2 mm de espessura, \u2013 Mant\u00e9m os 3 bot\u00f5es tradicionais para uso de [&hellip;]<\/p>\n","protected":false},"featured_media":3141,"comment_status":"open","ping_status":"closed","template":"","meta":{"_acf_changed":false},"product_brand":[],"product_cat":[29],"product_tag":[],"class_list":{"0":"post-3137","1":"product","2":"type-product","3":"status-publish","4":"has-post-thumbnail","6":"product_cat-sport-lazer","8":"first","9":"instock","10":"shipping-taxable","11":"product-type-variable"},"acf":[],"post_mailing_queue_ids":[],"_links":{"self":[{"href":"https:\/\/www.kraftcapacetes.com.br\/loja\/wp-json\/wp\/v2\/product\/3137","targetHints":{"allow":["GET"]}}],"collection":[{"href":"https:\/\/www.kraftcapacetes.com.br\/loja\/wp-json\/wp\/v2\/product"}],"about":[{"href":"https:\/\/www.kraftcapacetes.com.br\/loja\/wp-json\/wp\/v2\/types\/product"}],"replies":[{"embeddable":true,"href":"https:\/\/www.kraftcapacetes.com.br\/loja\/wp-json\/wp\/v2\/comments?post=3137"}],"wp:featuredmedia":[{"embeddable":true,"href":"https:\/\/www.kraftcapacetes.com.br\/loja\/wp-json\/wp\/v2\/media\/3141"}],"wp:attachment":[{"href":"https:\/\/www.kraftcapacetes.com.br\/loja\/wp-json\/wp\/v2\/media?parent=3137"}],"wp:term":[{"taxonomy":"product_brand","embeddable":true,"href":"https:\/\/www.kraftcapacetes.com.br\/loja\/wp-json\/wp\/v2\/product_brand?post=3137"},{"taxonomy":"product_cat","embeddable":true,"href":"https:\/\/www.kraftcapacetes.com.br\/loja\/wp-json\/wp\/v2\/product_cat?post=3137"},{"taxonomy":"product_tag","embeddable":true,"href":"https:\/\/www.kraftcapacetes.com.br\/loja\/wp-json\/wp\/v2\/product_tag?post=3137"}],"curies":[{"name":"wp","href":"https:\/\/api.w.org\/{rel}","templated":true}]}}