{"id":3178,"date":"2023-05-10T14:36:41","date_gmt":"2023-05-10T17:36:41","guid":{"rendered":"https:\/\/www.kraftcapacetes.com.br\/loja\/?post_type=product&#038;p=3178"},"modified":"2024-09-04T17:24:35","modified_gmt":"2024-09-04T20:24:35","slug":"viseira-flip-universal-aviador-cristal","status":"publish","type":"product","link":"https:\/\/www.kraftcapacetes.com.br\/loja\/produto\/viseira-flip-universal-aviador-cristal","title":{"rendered":"Viseira Flip Universal Aviador Cristal"},"content":{"rendered":"<p><span class=\"sc-kDvujY kknhWA\" data-testid=\"product-detail-title\">Flip Old School Com Viseira Tipo Aviador<\/span><\/p>\n<div class=\"sc-hLBbgP eodrha sc-gqgnwQ dQhViH\" data-testid=\"product-detail-description\">\n<div class=\"sc-hLBbgP gcxrmT sc-dOrDzm bHDkXD\" data-testid=\"rich-content-container\">Ideal para Capacetes Old School.<\/div>\n<div class=\"sc-hLBbgP gcxrmT sc-dOrDzm bHDkXD\" data-testid=\"rich-content-container\">Serve em qualquer capacete com 3 bot\u00f5es na frente do capacete.<\/div>\n<div class=\"sc-hLBbgP gcxrmT sc-dOrDzm bHDkXD\" data-testid=\"rich-content-container\">Peca injetada em policarbonato<\/div>\n<div class=\"sc-hLBbgP gcxrmT sc-dOrDzm bHDkXD\" data-testid=\"rich-content-container\">Articulada podendo levantar e abaixar a viseira<\/div>\n<div class=\"sc-hLBbgP gcxrmT sc-dOrDzm bHDkXD\" data-testid=\"rich-content-container\">Fixada com bot\u00f5es de press\u00e3o.<\/div>\n<div class=\"sc-hLBbgP gcxrmT sc-dOrDzm bHDkXD\" data-testid=\"rich-content-container\">Acompanha: mecanismo de abertura e fechamento da viseira (Flip-Up)<\/div>\n<div class=\"sc-hLBbgP gcxrmT sc-dOrDzm bHDkXD\" data-testid=\"rich-content-container\">Viseira estilo AviadorIndicada para capacetes abertos modelo Old School com sistema frontal de 3 bot\u00f5es.<\/div>\n<\/div>\n","protected":false},"excerpt":{"rendered":"<p>Flip Old School Com Viseira Tipo Aviador Ideal para Capacetes Old School. Serve em qualquer capacete com 3 bot\u00f5es na frente do capacete. Peca injetada em policarbonato Articulada podendo levantar e abaixar a viseira Fixada com bot\u00f5es de press\u00e3o. Acompanha: mecanismo de abertura e fechamento da viseira (Flip-Up) Viseira estilo AviadorIndicada para capacetes abertos modelo [&hellip;]<\/p>\n","protected":false},"featured_media":3179,"comment_status":"open","ping_status":"closed","template":"","meta":{"_acf_changed":false},"product_brand":[],"product_cat":[99],"product_tag":[],"class_list":{"0":"post-3178","1":"product","2":"type-product","3":"status-publish","4":"has-post-thumbnail","6":"product_cat-acessorios","8":"first","9":"instock","10":"shipping-taxable","11":"product-type-simple"},"acf":[],"post_mailing_queue_ids":[],"_links":{"self":[{"href":"https:\/\/www.kraftcapacetes.com.br\/loja\/wp-json\/wp\/v2\/product\/3178","targetHints":{"allow":["GET"]}}],"collection":[{"href":"https:\/\/www.kraftcapacetes.com.br\/loja\/wp-json\/wp\/v2\/product"}],"about":[{"href":"https:\/\/www.kraftcapacetes.com.br\/loja\/wp-json\/wp\/v2\/types\/product"}],"replies":[{"embeddable":true,"href":"https:\/\/www.kraftcapacetes.com.br\/loja\/wp-json\/wp\/v2\/comments?post=3178"}],"wp:featuredmedia":[{"embeddable":true,"href":"https:\/\/www.kraftcapacetes.com.br\/loja\/wp-json\/wp\/v2\/media\/3179"}],"wp:attachment":[{"href":"https:\/\/www.kraftcapacetes.com.br\/loja\/wp-json\/wp\/v2\/media?parent=3178"}],"wp:term":[{"taxonomy":"product_brand","embeddable":true,"href":"https:\/\/www.kraftcapacetes.com.br\/loja\/wp-json\/wp\/v2\/product_brand?post=3178"},{"taxonomy":"product_cat","embeddable":true,"href":"https:\/\/www.kraftcapacetes.com.br\/loja\/wp-json\/wp\/v2\/product_cat?post=3178"},{"taxonomy":"product_tag","embeddable":true,"href":"https:\/\/www.kraftcapacetes.com.br\/loja\/wp-json\/wp\/v2\/product_tag?post=3178"}],"curies":[{"name":"wp","href":"https:\/\/api.w.org\/{rel}","templated":true}]}}